{"id":6691,"date":"2023-09-17T09:39:21","date_gmt":"2023-09-17T09:39:21","guid":{"rendered":"http:\/\/novosite.taxupdate.com.br\/?page_id=6691"},"modified":"2023-11-16T16:51:57","modified_gmt":"2023-11-16T16:51:57","slug":"free-trial","status":"publish","type":"page","link":"https:\/\/taxupdate.com.br\/es\/free-trial\/","title":{"rendered":"Free Trial &#8211; Espanhol"},"content":{"rendered":"","protected":false},"excerpt":{"rendered":"","protected":false},"author":13,"featured_media":0,"parent":0,"menu_order":0,"comment_status":"closed","ping_status":"closed","template":"Contato.blade.php","meta":{"_acf_changed":false},"class_list":["post-6691","page","type-page","status-publish","hentry"],"acf":[],"yoast_head":"<!-- This site is optimized with the Yoast SEO plugin v27.3 - https:\/\/yoast.com\/product\/yoast-seo-wordpress\/ -->\n<title>Free Trial - Espanhol - TaxUpdate - Especialistas em Tax Compliance<\/title>\n<meta name=\"robots\" content=\"index, follow, max-snippet:-1, max-image-preview:large, max-video-preview:-1\" \/>\n<link rel=\"canonical\" href=\"https:\/\/taxupdate.com.br\/es\/free-trial\/\" \/>\n<meta property=\"og:locale\" content=\"es_ES\" \/>\n<meta property=\"og:type\" content=\"article\" \/>\n<meta property=\"og:title\" content=\"Free Trial - Espanhol - TaxUpdate - Especialistas em Tax Compliance\" \/>\n<meta property=\"og:url\" content=\"https:\/\/taxupdate.com.br\/es\/free-trial\/\" \/>\n<meta property=\"og:site_name\" content=\"TaxUpdate - Especialistas em Tax Compliance\" \/>\n<meta property=\"article:modified_time\" content=\"2023-11-16T16:51:57+00:00\" \/>\n<meta name=\"twitter:card\" content=\"summary_large_image\" \/>\n<meta name=\"twitter:site\" content=\"@_Taxupdate_\" \/>\n<script type=\"application\/ld+json\" class=\"yoast-schema-graph\">{\"@context\":\"https:\\\/\\\/schema.org\",\"@graph\":[{\"@type\":\"WebPage\",\"@id\":\"https:\\\/\\\/taxupdate.com.br\\\/es\\\/free-trial\\\/\",\"url\":\"https:\\\/\\\/taxupdate.com.br\\\/es\\\/free-trial\\\/\",\"name\":\"Free Trial - Espanhol - TaxUpdate - Especialistas em Tax Compliance\",\"isPartOf\":{\"@id\":\"https:\\\/\\\/taxupdate.com.br\\\/#website\"},\"datePublished\":\"2023-09-17T09:39:21+00:00\",\"dateModified\":\"2023-11-16T16:51:57+00:00\",\"breadcrumb\":{\"@id\":\"https:\\\/\\\/taxupdate.com.br\\\/es\\\/free-trial\\\/#breadcrumb\"},\"inLanguage\":\"es-ES\",\"potentialAction\":[{\"@type\":\"ReadAction\",\"target\":[\"https:\\\/\\\/taxupdate.com.br\\\/es\\\/free-trial\\\/\"]}]},{\"@type\":\"BreadcrumbList\",\"@id\":\"https:\\\/\\\/taxupdate.com.br\\\/es\\\/free-trial\\\/#breadcrumb\",\"itemListElement\":[{\"@type\":\"ListItem\",\"position\":1,\"name\":\"Home\",\"item\":\"https:\\\/\\\/taxupdate.com.br\\\/es\\\/\"},{\"@type\":\"ListItem\",\"position\":2,\"name\":\"Free Trial &#8211; Espanhol\"}]},{\"@type\":\"WebSite\",\"@id\":\"https:\\\/\\\/taxupdate.com.br\\\/#website\",\"url\":\"https:\\\/\\\/taxupdate.com.br\\\/\",\"name\":\"TaxUpdate - Especialistas em Tax Compliance\",\"description\":\"Somos uma empresa especializada em tributa\u00e7\u00e3o e compliance. Atuamos em todo o territ\u00f3rio nacional para oferecer solu\u00e7\u00f5es altamente customizadas e apoiar empresas no desafio de se manter em cumprimento com a legisla\u00e7\u00e3o fiscal brasileira.\",\"publisher\":{\"@id\":\"https:\\\/\\\/taxupdate.com.br\\\/#organization\"},\"potentialAction\":[{\"@type\":\"SearchAction\",\"target\":{\"@type\":\"EntryPoint\",\"urlTemplate\":\"https:\\\/\\\/taxupdate.com.br\\\/?s={search_term_string}\"},\"query-input\":{\"@type\":\"PropertyValueSpecification\",\"valueRequired\":true,\"valueName\":\"search_term_string\"}}],\"inLanguage\":\"es-ES\"},{\"@type\":\"Organization\",\"@id\":\"https:\\\/\\\/taxupdate.com.br\\\/#organization\",\"name\":\"TaxUpdate - Especialistas em Tax Compliance\",\"url\":\"https:\\\/\\\/taxupdate.com.br\\\/\",\"logo\":{\"@type\":\"ImageObject\",\"inLanguage\":\"es-ES\",\"@id\":\"https:\\\/\\\/taxupdate.com.br\\\/#\\\/schema\\\/logo\\\/image\\\/\",\"url\":\"https:\\\/\\\/taxupdate.com.br\\\/wp-content\\\/uploads\\\/2023\\\/11\\\/frases-para-negocios-preto-instagram-post.png\",\"contentUrl\":\"https:\\\/\\\/taxupdate.com.br\\\/wp-content\\\/uploads\\\/2023\\\/11\\\/frases-para-negocios-preto-instagram-post.png\",\"width\":1080,\"height\":1080,\"caption\":\"TaxUpdate - Especialistas em Tax Compliance\"},\"image\":{\"@id\":\"https:\\\/\\\/taxupdate.com.br\\\/#\\\/schema\\\/logo\\\/image\\\/\"},\"sameAs\":[\"https:\\\/\\\/x.com\\\/_Taxupdate_\",\"https:\\\/\\\/www.linkedin.com\\\/company\\\/25055234\"]}]}<\/script>\n<!-- \/ Yoast SEO plugin. -->","yoast_head_json":{"title":"Free Trial - Espanhol - TaxUpdate - Especialistas em Tax Compliance","robots":{"index":"index","follow":"follow","max-snippet":"max-snippet:-1","max-image-preview":"max-image-preview:large","max-video-preview":"max-video-preview:-1"},"canonical":"https:\/\/taxupdate.com.br\/es\/free-trial\/","og_locale":"es_ES","og_type":"article","og_title":"Free Trial - Espanhol - TaxUpdate - Especialistas em Tax Compliance","og_url":"https:\/\/taxupdate.com.br\/es\/free-trial\/","og_site_name":"TaxUpdate - Especialistas em Tax Compliance","article_modified_time":"2023-11-16T16:51:57+00:00","twitter_card":"summary_large_image","twitter_site":"@_Taxupdate_","schema":{"@context":"https:\/\/schema.org","@graph":[{"@type":"WebPage","@id":"https:\/\/taxupdate.com.br\/es\/free-trial\/","url":"https:\/\/taxupdate.com.br\/es\/free-trial\/","name":"Free Trial - Espanhol - TaxUpdate - Especialistas em Tax Compliance","isPartOf":{"@id":"https:\/\/taxupdate.com.br\/#website"},"datePublished":"2023-09-17T09:39:21+00:00","dateModified":"2023-11-16T16:51:57+00:00","breadcrumb":{"@id":"https:\/\/taxupdate.com.br\/es\/free-trial\/#breadcrumb"},"inLanguage":"es-ES","potentialAction":[{"@type":"ReadAction","target":["https:\/\/taxupdate.com.br\/es\/free-trial\/"]}]},{"@type":"BreadcrumbList","@id":"https:\/\/taxupdate.com.br\/es\/free-trial\/#breadcrumb","itemListElement":[{"@type":"ListItem","position":1,"name":"Home","item":"https:\/\/taxupdate.com.br\/es\/"},{"@type":"ListItem","position":2,"name":"Free Trial &#8211; Espanhol"}]},{"@type":"WebSite","@id":"https:\/\/taxupdate.com.br\/#website","url":"https:\/\/taxupdate.com.br\/","name":"TaxUpdate - Especialistas em Tax Compliance","description":"Somos uma empresa especializada em tributa\u00e7\u00e3o e compliance. Atuamos em todo o territ\u00f3rio nacional para oferecer solu\u00e7\u00f5es altamente customizadas e apoiar empresas no desafio de se manter em cumprimento com a legisla\u00e7\u00e3o fiscal brasileira.","publisher":{"@id":"https:\/\/taxupdate.com.br\/#organization"},"potentialAction":[{"@type":"SearchAction","target":{"@type":"EntryPoint","urlTemplate":"https:\/\/taxupdate.com.br\/?s={search_term_string}"},"query-input":{"@type":"PropertyValueSpecification","valueRequired":true,"valueName":"search_term_string"}}],"inLanguage":"es-ES"},{"@type":"Organization","@id":"https:\/\/taxupdate.com.br\/#organization","name":"TaxUpdate - Especialistas em Tax Compliance","url":"https:\/\/taxupdate.com.br\/","logo":{"@type":"ImageObject","inLanguage":"es-ES","@id":"https:\/\/taxupdate.com.br\/#\/schema\/logo\/image\/","url":"https:\/\/taxupdate.com.br\/wp-content\/uploads\/2023\/11\/frases-para-negocios-preto-instagram-post.png","contentUrl":"https:\/\/taxupdate.com.br\/wp-content\/uploads\/2023\/11\/frases-para-negocios-preto-instagram-post.png","width":1080,"height":1080,"caption":"TaxUpdate - Especialistas em Tax Compliance"},"image":{"@id":"https:\/\/taxupdate.com.br\/#\/schema\/logo\/image\/"},"sameAs":["https:\/\/x.com\/_Taxupdate_","https:\/\/www.linkedin.com\/company\/25055234"]}]}},"_links":{"self":[{"href":"https:\/\/taxupdate.com.br\/es\/wp-json\/wp\/v2\/pages\/6691","targetHints":{"allow":["GET"]}}],"collection":[{"href":"https:\/\/taxupdate.com.br\/es\/wp-json\/wp\/v2\/pages"}],"about":[{"href":"https:\/\/taxupdate.com.br\/es\/wp-json\/wp\/v2\/types\/page"}],"author":[{"embeddable":true,"href":"https:\/\/taxupdate.com.br\/es\/wp-json\/wp\/v2\/users\/13"}],"replies":[{"embeddable":true,"href":"https:\/\/taxupdate.com.br\/es\/wp-json\/wp\/v2\/comments?post=6691"}],"version-history":[{"count":7,"href":"https:\/\/taxupdate.com.br\/es\/wp-json\/wp\/v2\/pages\/6691\/revisions"}],"predecessor-version":[{"id":7651,"href":"https:\/\/taxupdate.com.br\/es\/wp-json\/wp\/v2\/pages\/6691\/revisions\/7651"}],"wp:attachment":[{"href":"https:\/\/taxupdate.com.br\/es\/wp-json\/wp\/v2\/media?parent=6691"}],"curies":[{"name":"wp","href":"https:\/\/api.w.org\/{rel}","templated":true}]}}